{"id":518,"date":"2018-12-28T21:25:10","date_gmt":"2018-12-29T02:25:10","guid":{"rendered":"https:\/\/fulanoinc.com\/?page_id=518"},"modified":"2018-12-28T21:25:10","modified_gmt":"2018-12-29T02:25:10","slug":"privacy-policy","status":"publish","type":"page","link":"https:\/\/fulanoinc.com\/es\/privacy-policy\/","title":{"rendered":"Pol\u00edtica de privacidad"},"content":{"rendered":"<h1>Pol\u00edtica de privacidad<\/h1>\n<p>Fecha de vigencia: 25 de mayo de 2018<\/p>\n<p>Fulano (&quot;nosotros&quot;, &quot;nosotros&quot; o &quot;nuestro&quot;) opera el sitio web https:\/\/fulanoinc.com (el &quot;Servicio&quot;).<\/p>\n<p>Esta p\u00e1gina le informa sobre nuestras pol\u00edticas con respecto a la recopilaci\u00f3n, uso y divulgaci\u00f3n de datos personales cuando utiliza nuestro Servicio y las opciones que ha asociado con esos datos.<\/p>\n<p>Utilizamos sus datos para proporcionar y mejorar el Servicio. Al usar el Servicio, usted acepta la recopilaci\u00f3n y el uso de informaci\u00f3n de acuerdo con esta pol\u00edtica. A menos que se defina lo contrario en esta Pol\u00edtica de privacidad, los t\u00e9rminos utilizados en esta Pol\u00edtica de privacidad tienen el mismo significado que en nuestros T\u00e9rminos y condiciones, accesibles desde https:\/\/fulanoinc.com<\/p>\n<h2>Definiciones<\/h2>\n<ul>\n<li><strong>Servicio<\/strong>\n<p>El servicio es el sitio web https:\/\/fulanoinc.com operado por Fulano<\/li>\n<li><strong>Informaci\u00f3n personal<\/strong>\n<p>Datos personales significa datos sobre un individuo vivo que puede identificarse a partir de esos datos (o de esa y otra informaci\u00f3n, ya sea en nuestra posesi\u00f3n o que puedan tenerla).<\/li>\n<li><strong>Datos de uso<\/strong>\n<p>Los Datos de uso son datos recopilados autom\u00e1ticamente, ya sea generados por el uso del Servicio o desde la propia infraestructura del Servicio (por ejemplo, la duraci\u00f3n de una visita a la p\u00e1gina).<\/li>\n<li><strong>Galletas<\/strong>\n<p>Las cookies son peque\u00f1os datos almacenados en su dispositivo (computadora o dispositivo m\u00f3vil).<\/li>\n<li><strong>Controlador de datos<\/strong>\n<p>Controlador de datos significa la persona f\u00edsica o jur\u00eddica que (ya sea sola o conjuntamente o en com\u00fan con otras personas) determina los prop\u00f3sitos para los cuales y la manera en que se procesa, o debe procesarse, cualquier informaci\u00f3n personal.<\/p>\n<p>A los fines de esta Pol\u00edtica de privacidad, somos un controlador de datos de sus datos personales.<\/li>\n<li><strong>Procesadores de datos (o proveedores de servicios)<\/strong>\n<p>Procesador de datos (o proveedor de servicios) significa cualquier persona f\u00edsica o jur\u00eddica que procesa los datos en nombre del controlador de datos.<\/p>\n<p>Podemos utilizar los servicios de varios proveedores de servicios para procesar sus datos de manera m\u00e1s efectiva.<\/li>\n<li><strong>Sujeto de datos (o usuario)<\/strong>\n<p>El sujeto de datos es cualquier individuo vivo que est\u00e1 utilizando nuestro Servicio y es sujeto de datos personales.<\/li>\n<\/ul>\n<h2>Recolecci\u00f3n de informaci\u00f3n y uso<\/h2>\n<p>Recopilamos varios tipos diferentes de informaci\u00f3n con diversos fines para proporcionarle y mejorar nuestro Servicio.<\/p>\n<h3>Tipos de datos recopilados<\/h3>\n<h4>Informaci\u00f3n personal<\/h4>\n<p>Al usar nuestro Servicio, podemos pedirle que nos brinde cierta informaci\u00f3n de identificaci\u00f3n personal que se puede utilizar para contactarlo o identificarlo (\u201cDatos personales\u201d). La informaci\u00f3n de identificaci\u00f3n personal puede incluir, entre otros:<\/p>\n<ul>\n<li>Direcci\u00f3n de correo electr\u00f3nico<\/li>\n<li>Nombre y apellido<\/li>\n<li>Cookies y datos de uso<\/li>\n<\/ul>\n<p>Podemos utilizar sus Datos personales para contactarlo con boletines informativos, materiales de marketing o promocionales y otra informaci\u00f3n que pueda ser de su inter\u00e9s. Puede optar por no recibir ninguna o todas estas comunicaciones de nuestra parte siguiendo el enlace para cancelar la suscripci\u00f3n o las instrucciones proporcionadas en cualquier correo electr\u00f3nico que le enviemos.<\/p>\n<h4>Datos de uso<\/h4>\n<p>Tambi\u00e9n podemos recopilar informaci\u00f3n sobre c\u00f3mo se accede y utiliza el Servicio (&quot;Datos de uso&quot;). Estos Datos de uso pueden incluir informaci\u00f3n como la direcci\u00f3n del Protocolo de Internet de su computadora (por ejemplo, direcci\u00f3n IP), el tipo de navegador, la versi\u00f3n del navegador, las p\u00e1ginas de nuestro Servicio que visita, la hora y fecha de su visita, el tiempo dedicado a esas p\u00e1ginas, \u00fanico identificadores de dispositivo y otros datos de diagn\u00f3stico.<\/p>\n<h4>Seguimiento y datos de cookies<\/h4>\n<p>Utilizamos cookies y tecnolog\u00edas de seguimiento similares para rastrear la actividad en nuestro Servicio y mantener cierta informaci\u00f3n.<\/p>\n<p>Las cookies son archivos con una peque\u00f1a cantidad de datos que pueden incluir un identificador \u00fanico an\u00f3nimo. Las cookies se env\u00edan a su navegador desde un sitio web y se almacenan en su dispositivo. Las tecnolog\u00edas de seguimiento tambi\u00e9n utilizadas son balizas, etiquetas y scripts para recopilar y rastrear informaci\u00f3n y para mejorar y analizar nuestro Servicio.<\/p>\n<p>Puede indicar a su navegador que rechace todas las cookies o que indique cu\u00e1ndo se env\u00eda una cookie. Sin embargo, si no acepta las cookies, es posible que no pueda usar algunas partes de nuestro Servicio.<\/p>\n<p>Ejemplos de cookies que utilizamos:<\/p>\n<ul>\n<li><strong>Cookies de sesi\u00f3n<\/strong> Utilizamos cookies de sesi\u00f3n para operar nuestro servicio.<\/li>\n<li><strong>Cookies de preferencia.<\/strong> Utilizamos cookies de preferencias para recordar sus preferencias y diversas configuraciones.<\/li>\n<li><strong>Cookies de seguridad<\/strong> Utilizamos cookies de seguridad con fines de seguridad.<\/li>\n<\/ul>\n<h2>Uso de datos<\/h2>\n<p>Fulano utiliza los datos recopilados para diversos fines:<\/p>\n<ul>\n<li>Para proporcionar y mantener nuestro servicio<\/li>\n<li>Para notificarle sobre cambios en nuestro Servicio<\/li>\n<li>Para permitirle participar en funciones interactivas de nuestro Servicio cuando elija hacerlo<\/li>\n<li>Para proporcionar soporte al cliente<\/li>\n<li>Para recopilar an\u00e1lisis o informaci\u00f3n valiosa para que podamos mejorar nuestro Servicio<\/li>\n<li>Para monitorear el uso de nuestro Servicio<\/li>\n<li>Para detectar, prevenir y abordar problemas t\u00e9cnicos<\/li>\n<li>Para proporcionarle noticias, ofertas especiales e informaci\u00f3n general sobre otros bienes, servicios y eventos que ofrecemos que son similares a los que ya compr\u00f3 o solicit\u00f3, a menos que haya optado por no recibir dicha informaci\u00f3n.<\/li>\n<\/ul>\n<h2>Base legal para el procesamiento de datos personales seg\u00fan el Reglamento general de protecci\u00f3n de datos (GDPR)<\/h2>\n<p>Si usted es del Espacio Econ\u00f3mico Europeo (EEE), la base legal de Fulano para recopilar y utilizar la informaci\u00f3n personal descrita en esta Pol\u00edtica de privacidad depende de los Datos personales que recopilamos y del contexto espec\u00edfico en el que los recopilamos.<\/p>\n<p>Fulano puede procesar sus datos personales porque:<\/p>\n<ul>\n<li>Necesitamos realizar un contrato con usted.<\/li>\n<li>Nos has dado permiso para hacerlo<\/li>\n<li>El procesamiento es en nuestro inter\u00e9s leg\u00edtimo y no se anula por sus derechos.<\/li>\n<li>Para cumplir con la ley<\/li>\n<\/ul>\n<h2>Retenci\u00f3n de datos<\/h2>\n<p>Fulano retendr\u00e1 sus Datos personales solo durante el tiempo que sea necesario para los fines establecidos en esta Pol\u00edtica de privacidad. Retendremos y utilizaremos sus Datos personales en la medida necesaria para cumplir con nuestras obligaciones legales (por ejemplo, si estamos obligados a conservar sus datos para cumplir con las leyes aplicables), resolver disputas y hacer cumplir nuestros acuerdos y pol\u00edticas legales.<\/p>\n<p>Fulano tambi\u00e9n retendr\u00e1 los Datos de uso para fines de an\u00e1lisis interno. Los datos de uso generalmente se conservan por un per\u00edodo de tiempo m\u00e1s corto, excepto cuando estos datos se utilizan para fortalecer la seguridad o para mejorar la funcionalidad de nuestro servicio, o estamos legalmente obligados a retener estos datos por per\u00edodos de tiempo m\u00e1s largos.<\/p>\n<h2>Transferencia de datos<\/h2>\n<p>Su informaci\u00f3n, incluidos los Datos personales, puede transferirse a computadoras ubicadas fuera de su estado, provincia, pa\u00eds u otra jurisdicci\u00f3n gubernamental donde las leyes de protecci\u00f3n de datos pueden diferir de las de su jurisdicci\u00f3n.<\/p>\n<p>Si se encuentra fuera de Estados Unidos y opta por proporcionarnos informaci\u00f3n, tenga en cuenta que transferimos los datos, incluidos los datos personales, a Estados Unidos y los procesamos all\u00ed.<\/p>\n<p>Su consentimiento a esta Pol\u00edtica de privacidad seguido de su env\u00edo de dicha informaci\u00f3n representa su aceptaci\u00f3n de esa transferencia.<\/p>\n<p>Fulano tomar\u00e1 todas las medidas razonablemente necesarias para garantizar que sus datos se traten de manera segura y de acuerdo con esta Pol\u00edtica de privacidad y no se realizar\u00e1 ninguna transferencia de sus Datos personales a una organizaci\u00f3n o pa\u00eds, a menos que existan controles adecuados, incluida la seguridad de su datos y otra informaci\u00f3n personal.<\/p>\n<h2>Divulgaci\u00f3n de datos<\/h2>\n<h3>Divulgaci\u00f3n para la aplicaci\u00f3n de la ley<\/h3>\n<p>En determinadas circunstancias, se le puede solicitar a Fulano que divulgue sus Datos personales si as\u00ed lo exige la ley o en respuesta a solicitudes v\u00e1lidas de las autoridades p\u00fablicas (por ejemplo, un tribunal o una agencia gubernamental).<\/p>\n<h3>Requerimientos legales<\/h3>\n<p>Fulano puede divulgar sus Datos personales en la creencia de buena fe de que dicha acci\u00f3n es necesaria para:<\/p>\n<ul>\n<li>Para cumplir con una obligaci\u00f3n legal<\/li>\n<li>Para proteger y defender los derechos o propiedad de Fulano<\/li>\n<li>Para prevenir o investigar posibles irregularidades en relaci\u00f3n con el Servicio<\/li>\n<li>Para proteger la seguridad personal de los usuarios del Servicio o del p\u00fablico.<\/li>\n<li>Para protegerse contra la responsabilidad legal<\/li>\n<\/ul>\n<h2>Seguridad de datos<\/h2>\n<p>La seguridad de sus datos es importante para nosotros, pero recuerde que ning\u00fan m\u00e9todo de transmisi\u00f3n por Internet o m\u00e9todo de almacenamiento electr\u00f3nico es 100% seguro. Si bien nos esforzamos por utilizar medios comercialmente aceptables para proteger sus Datos personales, no podemos garantizar su seguridad absoluta.<\/p>\n<h2>Se\u00f1ales &quot;No rastrear&quot;<\/h2>\n<p>No admitimos Do Not Track (&quot;DNT&quot;). No rastrear es una preferencia que puede configurar en su navegador web para informar a los sitios web que no desea que se rastree.<\/p>\n<p>Puede habilitar o deshabilitar No rastrear visitando la p\u00e1gina de Preferencias o Configuraci\u00f3n de su navegador web.<\/p>\n<h2>Sus derechos de protecci\u00f3n de datos bajo el Reglamento general de protecci\u00f3n de datos (GDPR)<\/h2>\n<p>Si es residente del Espacio Econ\u00f3mico Europeo (EEE), tiene ciertos derechos de protecci\u00f3n de datos. Fulano tiene como objetivo tomar medidas razonables para permitirle corregir, modificar, eliminar o limitar el uso de sus Datos personales.<\/p>\n<p>Si desea recibir informaci\u00f3n sobre los Datos personales que tenemos sobre usted y si desea que se eliminen de nuestros sistemas, cont\u00e1ctenos.<\/p>\n<p>En determinadas circunstancias, tiene los siguientes derechos de protecci\u00f3n de datos:<\/p>\n<ul>\n<li><strong>El derecho a acceder, actualizar o eliminar la informaci\u00f3n que tenemos sobre usted.<\/strong> Siempre que sea posible, puede acceder, actualizar o solicitar la eliminaci\u00f3n de sus Datos personales directamente en la secci\u00f3n de configuraci\u00f3n de su cuenta. Si no puede realizar estas acciones usted mismo, cont\u00e1ctenos para ayudarlo.<\/li>\n<li><strong>El derecho de rectificaci\u00f3n.<\/strong> Tiene derecho a que se rectifique su informaci\u00f3n si esa informaci\u00f3n es inexacta o incompleta.<\/li>\n<li><strong>El derecho a objetar.<\/strong> Tiene derecho a oponerse a nuestro procesamiento de sus Datos personales.<\/li>\n<li><strong>El derecho de restricci\u00f3n.<\/strong> Tiene derecho a solicitar que restrinjamos el procesamiento de su informaci\u00f3n personal.<\/li>\n<li><strong>El derecho a la portabilidad de datos.<\/strong> Tiene derecho a recibir una copia de la informaci\u00f3n que tenemos sobre usted en un formato estructurado, legible por m\u00e1quina y de uso com\u00fan.<\/li>\n<li><strong>El derecho a retirar el consentimiento.<\/strong> Tambi\u00e9n tiene derecho a retirar su consentimiento en cualquier momento en que Fulano haya confiado en su consentimiento para procesar su informaci\u00f3n personal.<\/li>\n<\/ul>\n<p>Tenga en cuenta que podemos pedirle que verifique su identidad antes de responder a tales solicitudes.<\/p>\n<p>Tiene derecho a presentar una queja ante una Autoridad de Protecci\u00f3n de Datos sobre nuestra recopilaci\u00f3n y uso de sus Datos personales. Para obtener m\u00e1s informaci\u00f3n, comun\u00edquese con su autoridad local de protecci\u00f3n de datos en el Espacio Econ\u00f3mico Europeo (EEE).<\/p>\n<h2>Proveedores de servicio<\/h2>\n<p>Podemos emplear a empresas e individuos de terceros para facilitar nuestro Servicio (&quot;Proveedores de Servicios&quot;), para proporcionar el Servicio en nuestro nombre, para realizar servicios relacionados con el Servicio o para ayudarnos a analizar c\u00f3mo se utiliza nuestro Servicio.<\/p>\n<p>Estos terceros tienen acceso a sus Datos personales solo para realizar estas tareas en nuestro nombre y est\u00e1n obligados a no divulgarlos ni usarlos para ning\u00fan otro prop\u00f3sito.<\/p>\n<h3>Anal\u00edtica<\/h3>\n<p>Podemos utilizar proveedores de servicios externos para monitorear y analizar el uso de nuestro servicio.<\/p>\n<ul>\n<li><strong>Google analitico<\/strong>\n<p>Google Analytics es un servicio de an\u00e1lisis web ofrecido por Google que rastrea e informa el tr\u00e1fico del sitio web. Google utiliza los datos recopilados para rastrear y controlar el uso de nuestro Servicio. Estos datos se comparten con otros servicios de Google. Google puede usar los datos recopilados para contextualizar y personalizar los anuncios de su propia red publicitaria.<\/p>\n<p>Puede optar por no haber puesto su actividad en el Servicio a disposici\u00f3n de Google Analytics instalando el complemento de exclusi\u00f3n voluntaria de Google Analytics. El complemento evita que el JavaScript de Google Analytics (ga.js, analytics.js y dc.js) comparta informaci\u00f3n con Google Analytics sobre la actividad de las visitas.<\/p>\n<p>Para obtener m\u00e1s informaci\u00f3n sobre las pr\u00e1cticas de privacidad de Google, visite la p\u00e1gina web de Privacidad y T\u00e9rminos de Google: <a href=\"https:\/\/policies.google.com\/privacy?hl=en\">https:\/\/policies.google.com\/privacy?hl=en<\/a><\/li>\n<\/ul>\n<h2>Enlaces a otros sitios<\/h2>\n<p>Nuestro servicio puede contener enlaces a otros sitios que no son operados por nosotros. Si hace clic en un enlace de un tercero, se lo dirigir\u00e1 al sitio de ese tercero. Le recomendamos encarecidamente que revise la Pol\u00edtica de privacidad de cada sitio que visite.<\/p>\n<p>No tenemos control ni asumimos ninguna responsabilidad por el contenido, las pol\u00edticas de privacidad o las pr\u00e1cticas de sitios o servicios de terceros.<\/p>\n<h2>Privacidad infantil<\/h2>\n<p>Nuestro Servicio no se dirige a personas menores de 18 a\u00f1os (&quot;Ni\u00f1os&quot;).<\/p>\n<p>No recopilamos a sabiendas informaci\u00f3n de identificaci\u00f3n personal de ninguna persona menor de 18 a\u00f1os. Si usted es un padre o tutor y sabe que su hijo nos ha proporcionado Datos personales, cont\u00e1ctenos. Si nos damos cuenta de que hemos recopilado Datos personales de ni\u00f1os sin verificaci\u00f3n del consentimiento de los padres, tomamos medidas para eliminar esa informaci\u00f3n de nuestros servidores.<\/p>\n<h2>Cambios a esta pol\u00edtica de privacidad<\/h2>\n<p>Podemos actualizar nuestra Pol\u00edtica de privacidad de vez en cuando. Le notificaremos cualquier cambio publicando la nueva Pol\u00edtica de privacidad en esta p\u00e1gina.<\/p>\n<p>Le informaremos por correo electr\u00f3nico y \/ o un aviso destacado sobre nuestro Servicio, antes de que el cambio entre en vigencia y actualizaremos la &quot;fecha de vigencia&quot; en la parte superior de esta Pol\u00edtica de privacidad.<\/p>\n<p>Se recomienda que revise esta Pol\u00edtica de privacidad peri\u00f3dicamente para detectar cualquier cambio. Los cambios a esta Pol\u00edtica de privacidad son efectivos cuando se publican en esta p\u00e1gina.<\/p>\n<h2>Cont\u00e1ctenos<\/h2>\n<p>Si tiene alguna pregunta sobre esta Pol\u00edtica de privacidad, cont\u00e1ctenos:<\/p>\n<ul>\n<li>Por correo electr\u00f3nico: support@fulanoinc.com<\/li>\n<li>Por n\u00famero de tel\u00e9fono: + 1-305-607-5527<\/li>\n<\/ul>","protected":false},"excerpt":{"rendered":"<p>Pol\u00edtica de privacidad Fecha de vigencia: 25 de mayo de 2018 Fulano (&quot;nosotros&quot;, &quot;nosotros&quot; o &quot;nuestro&quot;) opera el sitio web https:\/\/fulanoinc.com (el &quot;Servicio&quot;). Esta p\u00e1gina le informa sobre nuestras pol\u00edticas con respecto a la recopilaci\u00f3n, uso y divulgaci\u00f3n de datos personales cuando utiliza nuestro Servicio y las opciones que ha asociado con esos datos. Usamos sus datos para proporcionar y [\u2026]<\/p>","protected":false},"author":1,"featured_media":0,"parent":0,"menu_order":0,"comment_status":"closed","ping_status":"closed","template":"","meta":{"iawp_total_views":49,"footnotes":""},"class_list":["post-518","page","type-page","status-publish","hentry"],"_links":{"self":[{"href":"https:\/\/fulanoinc.com\/es\/wp-json\/wp\/v2\/pages\/518","targetHints":{"allow":["GET"]}}],"collection":[{"href":"https:\/\/fulanoinc.com\/es\/wp-json\/wp\/v2\/pages"}],"about":[{"href":"https:\/\/fulanoinc.com\/es\/wp-json\/wp\/v2\/types\/page"}],"author":[{"embeddable":true,"href":"https:\/\/fulanoinc.com\/es\/wp-json\/wp\/v2\/users\/1"}],"replies":[{"embeddable":true,"href":"https:\/\/fulanoinc.com\/es\/wp-json\/wp\/v2\/comments?post=518"}],"version-history":[{"count":1,"href":"https:\/\/fulanoinc.com\/es\/wp-json\/wp\/v2\/pages\/518\/revisions"}],"predecessor-version":[{"id":519,"href":"https:\/\/fulanoinc.com\/es\/wp-json\/wp\/v2\/pages\/518\/revisions\/519"}],"wp:attachment":[{"href":"https:\/\/fulanoinc.com\/es\/wp-json\/wp\/v2\/media?parent=518"}],"curies":[{"name":"wp","href":"https:\/\/api.w.org\/{rel}","templated":true}]}}