{"id":864,"date":"2023-11-21T21:57:39","date_gmt":"2023-11-22T02:57:39","guid":{"rendered":"https:\/\/fulanoinc.com\/?page_id=864"},"modified":"2023-11-21T22:00:53","modified_gmt":"2023-11-22T03:00:53","slug":"portal","status":"publish","type":"page","link":"https:\/\/fulanoinc.com\/es\/portal\/","title":{"rendered":"Portal"},"content":{"rendered":"<div id='av-layout-grid-1'  class='av-layout-grid-container av-b8rk8-5744918b7b8e9ffa877ec4236d8c3317 entry-content-wrapper main_color av-flex-cells av-break-at-tablet  avia-builder-el-0  avia-builder-el-no-sibling  av-grid-order-reverse av-cell-min-height av-cell-min-height-75  container_wrap fullsize'   data-av_minimum_height_pc='75'>\n\n<style type=\"text\/css\" data-created_by=\"avia_inline_auto\" id=\"style-css-av-aknfg-826eef1b7ec35bc39efe23eafa525186\">\n.flex_cell.av-aknfg-826eef1b7ec35bc39efe23eafa525186{\nvertical-align:bottom;\n}\n<\/style>\n<div class='flex_cell av-aknfg-826eef1b7ec35bc39efe23eafa525186 av-gridrow-cell av_two_third no_margin  avia-builder-el-1  el_before_av_cell_one_third  avia-builder-el-first  content-align-bottom'  ><div class='flex_cell_inner'><div class='flex_column_table av-9uaz0-0775727fe247732b39ff1b5583b9ce5a sc-av_one_full av-equal-height-column-flextable'>\n<style type=\"text\/css\" data-created_by=\"avia_inline_auto\" id=\"style-css-av-9uaz0-0775727fe247732b39ff1b5583b9ce5a\">\n.flex_column.av-9uaz0-0775727fe247732b39ff1b5583b9ce5a{\nborder-radius:0px 0px 0px 0px;\npadding:30px 0px 30px 0px;\n}\n<\/style>\n<div  class='flex_column av-9uaz0-0775727fe247732b39ff1b5583b9ce5a av_one_full  avia-builder-el-2  avia-builder-el-no-sibling  first flex_column_table_cell av-equal-height-column av-align-bottom av-animated-generic fade-in-up'     ><p>\n<style type=\"text\/css\" data-created_by=\"avia_inline_auto\" id=\"style-css-av-lezfhq1d-39552faedebd9467c2a5f5e57925131a\">\n#top .av-special-heading.av-lezfhq1d-39552faedebd9467c2a5f5e57925131a{\npadding-bottom:0;\n}\nbody .av-special-heading.av-lezfhq1d-39552faedebd9467c2a5f5e57925131a .av-special-heading-tag .heading-char{\nfont-size:25px;\n}\n.av-special-heading.av-lezfhq1d-39552faedebd9467c2a5f5e57925131a .av-subheading{\nfont-size:15px;\n}\n<\/style>\n<div  class='av-special-heading av-lezfhq1d-39552faedebd9467c2a5f5e57925131a av-special-heading-h4 custom-color-heading blockquote modern-quote  avia-builder-el-3  el_before_av_heading  avia-builder-el-first'><h4 class='av-special-heading-tag'  itemprop=\"headline\"  >Portal<\/h4><div class=\"special-heading-border\"><div class=\"special-heading-inner-border\"><\/div><\/div><\/div><br \/>\n\n<style type=\"text\/css\" data-created_by=\"avia_inline_auto\" id=\"style-css-av-lezfjehr-2e87cc64310ff5b947ae3418bdc6d9f8\">\n#top .av-special-heading.av-lezfjehr-2e87cc64310ff5b947ae3418bdc6d9f8{\npadding-bottom:30px;\nfont-size:100px;\n}\nbody .av-special-heading.av-lezfjehr-2e87cc64310ff5b947ae3418bdc6d9f8 .av-special-heading-tag .heading-char{\nfont-size:25px;\n}\n#top #wrap_all .av-special-heading.av-lezfjehr-2e87cc64310ff5b947ae3418bdc6d9f8 .av-special-heading-tag{\nfont-size:100px;\n}\n.av-special-heading.av-lezfjehr-2e87cc64310ff5b947ae3418bdc6d9f8 .av-subheading{\nfont-size:15px;\n}\n\n@media only screen and (min-width: 990px){ \n#top #wrap_all .av-special-heading.av-lezfjehr-2e87cc64310ff5b947ae3418bdc6d9f8 .av-special-heading-tag{\nfont-size:90px;\n}\n}\n\n@media only screen and (min-width: 768px) and (max-width: 989px){ \n#top #wrap_all .av-special-heading.av-lezfjehr-2e87cc64310ff5b947ae3418bdc6d9f8 .av-special-heading-tag{\nfont-size:70px;\n}\n}\n\n@media only screen and (min-width: 480px) and (max-width: 767px){ \n#top #wrap_all .av-special-heading.av-lezfjehr-2e87cc64310ff5b947ae3418bdc6d9f8 .av-special-heading-tag{\nfont-size:40px;\n}\n}\n\n@media only screen and (max-width: 479px){ \n#top #wrap_all .av-special-heading.av-lezfjehr-2e87cc64310ff5b947ae3418bdc6d9f8 .av-special-heading-tag{\nfont-size:30px;\n}\n}\n<\/style>\n<div  class='av-special-heading av-lezfjehr-2e87cc64310ff5b947ae3418bdc6d9f8 av-special-heading-h2 custom-color-heading blockquote modern-quote  avia-builder-el-4  el_after_av_heading  el_before_av_textblock  av-inherit-size av-linked-heading'><h2 class='av-special-heading-tag'  itemprop=\"headline\"  >Inicie nuestro portal de clientes asociado con Stripe y administre su facturaci\u00f3n. <\/h2><div class=\"special-heading-border\"><div class=\"special-heading-inner-border\"><\/div><\/div><\/div><br \/>\n<section  class='av_textblock_section av-lp96c9kb-c6048d4bb1b0b3dc7b5dc8cfb259316a'   itemscope=\"itemscope\" itemtype=\"https:\/\/schema.org\/CreativeWork\" ><div class='avia_textblock'  itemprop=\"text\" ><p>Utilice el enlace para administrar su informaci\u00f3n de facturaci\u00f3n, actualizar tarjetas y otras opciones relacionadas con la facturaci\u00f3n.<\/p>\n<\/div><\/section><br \/>\n<div  class='avia-button-wrap av-lp96aeyx-e054c4a7dd7a1bba3e6cfe90618e139b-wrap avia-button-left  avia-builder-el-6  el_after_av_textblock  avia-builder-el-last'><a href='https:\/\/billing.stripe.com\/p\/login\/fZe16p6SCghX1c4dQQ'  class='avia-button av-lp96aeyx-e054c4a7dd7a1bba3e6cfe90618e139b av-link-btn avia-icon_select-no avia-size-small avia-position-left avia-color-theme-color'  target=\"_blank\"  rel=\"noopener noreferrer\"  aria-label=\"Portal de lanzamiento\"><span class='avia_iconbox_title' >Portal de lanzamiento<\/span><\/a><\/div><\/p><\/div><\/div><!--close column table wrapper. Autoclose: 1 -->\n<\/div><\/div>\n<style type=\"text\/css\" data-created_by=\"avia_inline_auto\" id=\"style-css-av-93y1w-21a52b9108da842ae3c2d77b10eb903c\">\n.flex_cell.av-93y1w-21a52b9108da842ae3c2d77b10eb903c{\nvertical-align:bottom;\n}\n<\/style>\n<div class='flex_cell av-93y1w-21a52b9108da842ae3c2d77b10eb903c av-gridrow-cell av_one_third no_margin av-hide-on-mobile  avia-builder-el-7  el_after_av_cell_two_third  avia-builder-el-last  content-align-bottom'  ><div class='flex_cell_inner'><\/div><\/div><\/div>","protected":false},"excerpt":{"rendered":"","protected":false},"author":1,"featured_media":0,"parent":0,"menu_order":0,"comment_status":"closed","ping_status":"closed","template":"","meta":{"iawp_total_views":3,"footnotes":""},"class_list":["post-864","page","type-page","status-publish","hentry"],"_links":{"self":[{"href":"https:\/\/fulanoinc.com\/es\/wp-json\/wp\/v2\/pages\/864","targetHints":{"allow":["GET"]}}],"collection":[{"href":"https:\/\/fulanoinc.com\/es\/wp-json\/wp\/v2\/pages"}],"about":[{"href":"https:\/\/fulanoinc.com\/es\/wp-json\/wp\/v2\/types\/page"}],"author":[{"embeddable":true,"href":"https:\/\/fulanoinc.com\/es\/wp-json\/wp\/v2\/users\/1"}],"replies":[{"embeddable":true,"href":"https:\/\/fulanoinc.com\/es\/wp-json\/wp\/v2\/comments?post=864"}],"version-history":[{"count":4,"href":"https:\/\/fulanoinc.com\/es\/wp-json\/wp\/v2\/pages\/864\/revisions"}],"predecessor-version":[{"id":868,"href":"https:\/\/fulanoinc.com\/es\/wp-json\/wp\/v2\/pages\/864\/revisions\/868"}],"wp:attachment":[{"href":"https:\/\/fulanoinc.com\/es\/wp-json\/wp\/v2\/media?parent=864"}],"curies":[{"name":"wp","href":"https:\/\/api.w.org\/{rel}","templated":true}]}}